{"id":64,"date":"2022-06-17T11:53:13","date_gmt":"2022-06-17T09:53:13","guid":{"rendered":"https:\/\/kulturbahnhof-lollar.de\/?page_id=64"},"modified":"2025-10-28T10:30:22","modified_gmt":"2025-10-28T09:30:22","slug":"kommende-events","status":"publish","type":"page","link":"https:\/\/kulturbahnhof-lollar.de\/index.php\/kommende-events\/","title":{"rendered":"Was geht am Kulturbahnhof Lollar?"},"content":{"rendered":"<ul class=\"wp-block-latest-posts__list wp-block-latest-posts\"><li><div class=\"wp-block-latest-posts__featured-image alignleft\"><a href=\"https:\/\/kulturbahnhof-lollar.de\/index.php\/2025\/07\/04\/mi-09-07-25-kreativabend-workshop\/\" aria-label=\"Kunstzeit\"><img loading=\"lazy\" decoding=\"async\" width=\"150\" height=\"150\" src=\"https:\/\/kulturbahnhof-lollar.de\/wp-content\/uploads\/2025\/07\/Kunstzeit-Insta-4x5-1-150x150.png\" class=\"attachment-thumbnail size-thumbnail wp-post-image\" alt=\"\" style=\"\" srcset=\"https:\/\/kulturbahnhof-lollar.de\/wp-content\/uploads\/2025\/07\/Kunstzeit-Insta-4x5-1-150x150.png 150w, https:\/\/kulturbahnhof-lollar.de\/wp-content\/uploads\/2025\/07\/Kunstzeit-Insta-4x5-1-500x500.png 500w, https:\/\/kulturbahnhof-lollar.de\/wp-content\/uploads\/2025\/07\/Kunstzeit-Insta-4x5-1-256x256.png 256w\" sizes=\"auto, (max-width: 150px) 100vw, 150px\" \/><\/a><\/div><a class=\"wp-block-latest-posts__post-title\" href=\"https:\/\/kulturbahnhof-lollar.de\/index.php\/2025\/07\/04\/mi-09-07-25-kreativabend-workshop\/\">Kunstzeit<\/a><div class=\"wp-block-latest-posts__post-excerpt\">Was macht ihr da genau?Der offene Kunst-Treff &#8222;Kunstzeit&#8220; findet alle zwei Wochen von 18:00 &#8211; 22:00 in der Kneipe des Kulturbahnhofs Lollar statt. Kommt einfach vorbei, ohne Anmeldung und kostenlos. Wer kommt, darf alles benutzen, was vorr\u00e4tig ist, oder bringt sich was mit. Hauptsache ihr f\u00fchlt euch wohl. Warum?!Wir brauchen mehr Orte, wo wir sein&hellip;<\/div><\/li>\n<li><div class=\"wp-block-latest-posts__featured-image alignleft\"><a href=\"https:\/\/kulturbahnhof-lollar.de\/index.php\/2025\/03\/01\/trauerfeier-fuer-richie-in-liebevoller-erinnerung\/\" aria-label=\"Wir trauern um Richie \u2013 In liebevoller Erinnerung\"><img loading=\"lazy\" decoding=\"async\" width=\"150\" height=\"150\" src=\"https:\/\/kulturbahnhof-lollar.de\/wp-content\/uploads\/2025\/03\/Richie-150x150.jpg\" class=\"attachment-thumbnail size-thumbnail wp-post-image\" alt=\"\" style=\"\" srcset=\"https:\/\/kulturbahnhof-lollar.de\/wp-content\/uploads\/2025\/03\/Richie-150x150.jpg 150w, https:\/\/kulturbahnhof-lollar.de\/wp-content\/uploads\/2025\/03\/Richie-500x500.jpg 500w, https:\/\/kulturbahnhof-lollar.de\/wp-content\/uploads\/2025\/03\/Richie-256x256.jpg 256w\" sizes=\"auto, (max-width: 150px) 100vw, 150px\" \/><\/a><\/div><a class=\"wp-block-latest-posts__post-title\" href=\"https:\/\/kulturbahnhof-lollar.de\/index.php\/2025\/03\/01\/trauerfeier-fuer-richie-in-liebevoller-erinnerung\/\">Wir trauern um Richie \u2013 In liebevoller Erinnerung<\/a><div class=\"wp-block-latest-posts__post-excerpt\">Mit gro\u00dfem Schmerz geben wir bekannt, dass unser Freund und gesch\u00e4tztes Vereinsmitglied Richard Fritz Gregor Williams, den viele als Ritchie kannten, verstorben ist. Richie war nicht nur ein wichtiger Teil unseres Vereins, sondern auch eine gute Seele unserer Gemeinschaft \u2013 mit viel Herzlichkeit, Engagement und Leidenschaft hat er den Kulturbahnhof \u00fcber die Jahre mitgepr\u00e4gt. Sein&hellip;<\/div><\/li>\n<li><div class=\"wp-block-latest-posts__featured-image alignleft\"><a href=\"https:\/\/kulturbahnhof-lollar.de\/index.php\/2025\/01\/21\/flinta-jam-session\/\" aria-label=\"Jeden 1. Donnerstag FLINTA* Space\"><img loading=\"lazy\" decoding=\"async\" width=\"150\" height=\"150\" src=\"https:\/\/kulturbahnhof-lollar.de\/wp-content\/uploads\/2025\/07\/Flinta-Space-Werbung-150x150.jpg\" class=\"attachment-thumbnail size-thumbnail wp-post-image\" alt=\"\" style=\"\" srcset=\"https:\/\/kulturbahnhof-lollar.de\/wp-content\/uploads\/2025\/07\/Flinta-Space-Werbung-150x150.jpg 150w, https:\/\/kulturbahnhof-lollar.de\/wp-content\/uploads\/2025\/07\/Flinta-Space-Werbung-300x300.jpg 300w, https:\/\/kulturbahnhof-lollar.de\/wp-content\/uploads\/2025\/07\/Flinta-Space-Werbung-1024x1024.jpg 1024w, https:\/\/kulturbahnhof-lollar.de\/wp-content\/uploads\/2025\/07\/Flinta-Space-Werbung-768x768.jpg 768w, https:\/\/kulturbahnhof-lollar.de\/wp-content\/uploads\/2025\/07\/Flinta-Space-Werbung-500x500.jpg 500w, https:\/\/kulturbahnhof-lollar.de\/wp-content\/uploads\/2025\/07\/Flinta-Space-Werbung-535x535.jpg 535w, https:\/\/kulturbahnhof-lollar.de\/wp-content\/uploads\/2025\/07\/Flinta-Space-Werbung-256x256.jpg 256w, https:\/\/kulturbahnhof-lollar.de\/wp-content\/uploads\/2025\/07\/Flinta-Space-Werbung.jpg 1120w\" sizes=\"auto, (max-width: 150px) 100vw, 150px\" \/><\/a><\/div><a class=\"wp-block-latest-posts__post-title\" href=\"https:\/\/kulturbahnhof-lollar.de\/index.php\/2025\/01\/21\/flinta-jam-session\/\">Jeden 1. Donnerstag FLINTA* Space<\/a><div class=\"wp-block-latest-posts__post-excerpt\">Unsere FLINTA*-Space mit Jam-Session startet offiziell! Jeden 1. Donnerstag im Monat von 18.00 bis 22 Uhr \u00f6ffnen wir einen Raum nur f\u00fcr FLINTA*-Personen, um sich musikalisch auszudr\u00fccken oder in der Kneipe zusammen zu chillen.Wir bitten daher Personen, Wir bitten daher Personen, denen bei der Geburt das m\u00e4nnliche Geschlecht zugewiesen wurde und die sich weiterhin als&hellip;<\/div><\/li>\n<\/ul>\n\n\n<div style=\"height:9px\" aria-hidden=\"true\" class=\"wp-block-spacer\"><\/div>\n\n\n\n<hr class=\"wp-block-separator has-alpha-channel-opacity\"\/>\n\n\n\n<div style=\"height:21px\" aria-hidden=\"true\" class=\"wp-block-spacer\"><\/div>\n\n\n\n<h2 class=\"wp-block-heading has-large-font-size\">Kommende Konzerte und Events:<\/h2>\n\n\n\n<div style=\"height:28px\" aria-hidden=\"true\" class=\"wp-block-spacer\"><\/div>\n\n\n<ul class=\"wp-block-latest-posts__list wp-block-latest-posts\"><li><div class=\"wp-block-latest-posts__featured-image alignright\"><a href=\"https:\/\/kulturbahnhof-lollar.de\/index.php\/2026\/03\/23\/sa-28-03-26-ernte-teilen-anders-ackern-fuer-die-zukunft\/\" aria-label=\"SA 28.03.26 &#8211; Ernte Teilen &#8211; Anders Ackern f\u00fcr die Zukunft!\"><img loading=\"lazy\" decoding=\"async\" width=\"150\" height=\"150\" src=\"https:\/\/kulturbahnhof-lollar.de\/wp-content\/uploads\/2026\/03\/260323-neue-ernete-film-flyer-1-150x150.jpg\" class=\"attachment-thumbnail size-thumbnail wp-post-image\" alt=\"\" style=\"max-width:150px;max-height:150px;\" srcset=\"https:\/\/kulturbahnhof-lollar.de\/wp-content\/uploads\/2026\/03\/260323-neue-ernete-film-flyer-1-150x150.jpg 150w, https:\/\/kulturbahnhof-lollar.de\/wp-content\/uploads\/2026\/03\/260323-neue-ernete-film-flyer-1-500x500.jpg 500w, https:\/\/kulturbahnhof-lollar.de\/wp-content\/uploads\/2026\/03\/260323-neue-ernete-film-flyer-1-256x256.jpg 256w\" sizes=\"auto, (max-width: 150px) 100vw, 150px\" \/><\/a><\/div><a class=\"wp-block-latest-posts__post-title\" href=\"https:\/\/kulturbahnhof-lollar.de\/index.php\/2026\/03\/23\/sa-28-03-26-ernte-teilen-anders-ackern-fuer-die-zukunft\/\">SA 28.03.26 &#8211; Ernte Teilen &#8211; Anders Ackern f\u00fcr die Zukunft!<\/a><div class=\"wp-block-latest-posts__post-excerpt\">Wisst ihr eigentlich, was hinter dem K\u00fcrzel \u201eSolawi&#8220; steckt? Solawi steht f\u00fcr Solidarische Landwirtschaft: ein Modell, bei dem Menschen gemeinsam eine Ernte finanzieren, Risiken teilen und direkte Beziehungen zwischen Hof und Tisch entstehen. Keine Supermarktlogik, kein Preisdruck &#8211; stattdessen: Verantwortung teilen. Wir zeigen den Film \u201eErnte Teilen &#8211; Anders Ackern f\u00fcr die Zukunft&#8220; und freuen&hellip;<\/div><\/li>\n<\/ul>\n\n\n<div class=\"wp-block-columns is-layout-flex wp-container-core-columns-is-layout-9d6595d7 wp-block-columns-is-layout-flex\">\n<div class=\"wp-block-column is-layout-flow wp-block-column-is-layout-flow\" style=\"flex-basis:100%\">\n<div class=\"wp-block-group\"><div class=\"wp-block-group__inner-container is-layout-flow wp-block-group-is-layout-flow\"><ul class=\"wp-block-latest-posts__list wp-block-latest-posts\"><li><div class=\"wp-block-latest-posts__featured-image alignleft\"><a href=\"https:\/\/kulturbahnhof-lollar.de\/index.php\/2026\/03\/27\/sa-25-04-26-rap-am-gleis\/\" aria-label=\"SA 25.04.26 &#8211; RAP AM GLEIS\"><img loading=\"lazy\" decoding=\"async\" width=\"150\" height=\"150\" src=\"https:\/\/kulturbahnhof-lollar.de\/wp-content\/uploads\/2026\/03\/260327-rapamgleis-150x150.jpg\" class=\"attachment-thumbnail size-thumbnail wp-post-image\" alt=\"\" style=\"max-width:150px;max-height:150px;\" srcset=\"https:\/\/kulturbahnhof-lollar.de\/wp-content\/uploads\/2026\/03\/260327-rapamgleis-150x150.jpg 150w, https:\/\/kulturbahnhof-lollar.de\/wp-content\/uploads\/2026\/03\/260327-rapamgleis-904x900.jpg 904w, https:\/\/kulturbahnhof-lollar.de\/wp-content\/uploads\/2026\/03\/260327-rapamgleis-500x500.jpg 500w, https:\/\/kulturbahnhof-lollar.de\/wp-content\/uploads\/2026\/03\/260327-rapamgleis-256x256.jpg 256w\" sizes=\"auto, (max-width: 150px) 100vw, 150px\" \/><\/a><\/div><a class=\"wp-block-latest-posts__post-title\" href=\"https:\/\/kulturbahnhof-lollar.de\/index.php\/2026\/03\/27\/sa-25-04-26-rap-am-gleis\/\">SA 25.04.26 &#8211; RAP AM GLEIS<\/a><div class=\"wp-block-latest-posts__post-excerpt\">Einlass 20:00h Eintritt 7-15\u20ac Auch in diesem Jahr hei\u00dft euch der Kulturbahnhof Lollar am 25.04.26 herzlich willkommen zu Rap am Gleis. Es gibt wieder eine geballte Ladung an Flows, Reimketten und fette Beats die garantiert f\u00fcr Nackenschmerzen sorgen werden.Zum Aufw\u00e4rmen der Nackenmuskulatur geht es um 20.00 Uhr los mit einem funky DJ Set von Alfred&hellip;<\/div><\/li>\n<\/ul>\n\n<ul class=\"wp-block-latest-posts__list wp-block-latest-posts\"><li><div class=\"wp-block-latest-posts__featured-image alignright\"><a href=\"https:\/\/kulturbahnhof-lollar.de\/index.php\/2026\/03\/27\/sa-23-05-26-hofi-soli-konzi\/\" aria-label=\"SA 23.05.26 &#8211; Hofi Soli Konzi\"><img loading=\"lazy\" decoding=\"async\" width=\"150\" height=\"150\" src=\"https:\/\/kulturbahnhof-lollar.de\/wp-content\/uploads\/2026\/03\/Flyer-Soli-Konzert-23.05.26-150x150.png\" class=\"attachment-thumbnail size-thumbnail wp-post-image\" alt=\"\" style=\"max-width:150px;max-height:150px;\" srcset=\"https:\/\/kulturbahnhof-lollar.de\/wp-content\/uploads\/2026\/03\/Flyer-Soli-Konzert-23.05.26-150x150.png 150w, https:\/\/kulturbahnhof-lollar.de\/wp-content\/uploads\/2026\/03\/Flyer-Soli-Konzert-23.05.26-500x500.png 500w, https:\/\/kulturbahnhof-lollar.de\/wp-content\/uploads\/2026\/03\/Flyer-Soli-Konzert-23.05.26-256x256.png 256w\" sizes=\"auto, (max-width: 150px) 100vw, 150px\" \/><\/a><\/div><a class=\"wp-block-latest-posts__post-title\" href=\"https:\/\/kulturbahnhof-lollar.de\/index.php\/2026\/03\/27\/sa-23-05-26-hofi-soli-konzi\/\">SA 23.05.26 &#8211; Hofi Soli Konzi<\/a><div class=\"wp-block-latest-posts__post-excerpt\">Die Kultur ist broke, deshalb: Soli Abend f\u00fcr den Kulturbahnhof! Heidihole (experimental indie punk) Erotic Knives (psychedelic\/garage) SEV (Entgleisungspunk) werd&#8217;los (flintaviolence) Mehr Infos TBA!<\/div><\/li>\n<\/ul>\n\n<ul class=\"wp-block-latest-posts__list wp-block-latest-posts\"><\/ul>\n\n<ul class=\"wp-block-latest-posts__list wp-block-latest-posts\"><\/ul>\n\n<ul class=\"wp-block-latest-posts__list wp-block-latest-posts\"><\/ul>\n\n<ul class=\"wp-block-latest-posts__list wp-block-latest-posts\"><\/ul>\n\n<ul class=\"wp-block-latest-posts__list wp-block-latest-posts\"><\/ul>\n\n<ul class=\"wp-block-latest-posts__list wp-block-latest-posts\"><\/ul><\/div><\/div>\n<\/div>\n<\/div>\n\n\n\n<div class=\"wp-block-group\"><div class=\"wp-block-group__inner-container is-layout-constrained wp-block-group-is-layout-constrained\">\n<div class=\"wp-block-cover is-light has-white-color has-text-color has-link-color wp-elements-6a212bb681cd0c4980220a0b91a58dd8\" style=\"min-height:430px;aspect-ratio:unset;\"><img loading=\"lazy\" decoding=\"async\" width=\"1600\" height=\"1200\" class=\"wp-block-cover__image-background wp-image-257\" alt=\"\" src=\"http:\/\/kulturbahnhof-lollar.de\/wp-content\/uploads\/2022\/07\/1600x1200_box_t33.png\" style=\"object-position:50% 50%\" data-object-fit=\"cover\" data-object-position=\"50% 50%\" srcset=\"https:\/\/kulturbahnhof-lollar.de\/wp-content\/uploads\/2022\/07\/1600x1200_box_t33.png 1600w, https:\/\/kulturbahnhof-lollar.de\/wp-content\/uploads\/2022\/07\/1600x1200_box_t33-300x225.png 300w, https:\/\/kulturbahnhof-lollar.de\/wp-content\/uploads\/2022\/07\/1600x1200_box_t33-1024x768.png 1024w, https:\/\/kulturbahnhof-lollar.de\/wp-content\/uploads\/2022\/07\/1600x1200_box_t33-768x576.png 768w, https:\/\/kulturbahnhof-lollar.de\/wp-content\/uploads\/2022\/07\/1600x1200_box_t33-1536x1152.png 1536w\" sizes=\"auto, (max-width: 1600px) 100vw, 1600px\" \/><span aria-hidden=\"true\" class=\"wp-block-cover__background has-white-background-color has-background-dim-100 has-background-dim\"><\/span><div class=\"wp-block-cover__inner-container is-layout-flow wp-block-cover-is-layout-flow\">\n<div class=\"wp-block-group\"><div class=\"wp-block-group__inner-container is-layout-flow wp-block-group-is-layout-flow\">\n<hr class=\"wp-block-separator has-alpha-channel-opacity\"\/>\n\n\n<div class=\"wp-block-image\">\n<figure class=\"aligncenter size-full is-resized\" id=\"block-8c30375c-cd4e-4a0c-bb14-bc0990517b8d\"><img loading=\"lazy\" decoding=\"async\" width=\"904\" height=\"164\" src=\"https:\/\/kulturbahnhof-lollar.de\/wp-content\/uploads\/2022\/07\/jamsession5.png\" alt=\"Jam Session\" class=\"wp-image-243\" style=\"aspect-ratio:1.7777777777777777;object-fit:contain;width:670px;height:auto\" srcset=\"https:\/\/kulturbahnhof-lollar.de\/wp-content\/uploads\/2022\/07\/jamsession5.png 904w, https:\/\/kulturbahnhof-lollar.de\/wp-content\/uploads\/2022\/07\/jamsession5-300x54.png 300w, https:\/\/kulturbahnhof-lollar.de\/wp-content\/uploads\/2022\/07\/jamsession5-768x139.png 768w\" sizes=\"auto, (max-width: 904px) 100vw, 904px\" \/><\/figure>\n<\/div>\n\n\n<p class=\"has-text-align-center has-large-font-size\"><mark style=\"background-color:rgba(0, 0, 0, 0)\" class=\"has-inline-color has-black-color\"><strong>Jeden Freitag ab 20:00<\/strong><\/mark><\/p>\n\n\n\n<figure class=\"wp-block-image size-large is-resized\"><img loading=\"lazy\" decoding=\"async\" width=\"1024\" height=\"661\" src=\"https:\/\/kulturbahnhof-lollar.de\/wp-content\/uploads\/2024\/03\/photo_2024-03-10_16-29-08-1024x661.jpg\" alt=\"\" class=\"wp-image-1367\" style=\"width:820px;height:auto\" srcset=\"https:\/\/kulturbahnhof-lollar.de\/wp-content\/uploads\/2024\/03\/photo_2024-03-10_16-29-08-1024x661.jpg 1024w, https:\/\/kulturbahnhof-lollar.de\/wp-content\/uploads\/2024\/03\/photo_2024-03-10_16-29-08-300x194.jpg 300w, https:\/\/kulturbahnhof-lollar.de\/wp-content\/uploads\/2024\/03\/photo_2024-03-10_16-29-08-768x496.jpg 768w, https:\/\/kulturbahnhof-lollar.de\/wp-content\/uploads\/2024\/03\/photo_2024-03-10_16-29-08.jpg 1280w\" sizes=\"auto, (max-width: 1024px) 100vw, 1024px\" \/><\/figure>\n\n\n\n<hr class=\"wp-block-separator has-alpha-channel-opacity\"\/>\n\n\n\n<div class=\"wp-block-group is-vertical is-layout-flex wp-container-core-group-is-layout-8cf370e7 wp-block-group-is-layout-flex\">\n<div class=\"wp-block-group is-vertical is-layout-flex wp-container-core-group-is-layout-8cf370e7 wp-block-group-is-layout-flex\">\n<p class=\"has-text-align-center has-black-color has-white-background-color has-text-color has-background has-medium-font-size wp-container-content-9cfa9a5a\"><mark style=\"background-color:rgba(0, 0, 0, 0)\" class=\"has-inline-color has-black-color\"><\/mark><\/p>\n<\/div>\n<\/div>\n<\/div><\/div>\n<\/div><\/div>\n<\/div><\/div>\n\n\n\n<hr class=\"wp-block-separator has-alpha-channel-opacity\"\/>\n\n\n\n<div style=\"height:40px\" aria-hidden=\"true\" class=\"wp-block-spacer\"><\/div>\n\n\n\n<div class=\"wp-block-group\"><div class=\"wp-block-group__inner-container is-layout-flow wp-block-group-is-layout-flow\">\n<div style=\"height:64px\" aria-hidden=\"true\" class=\"wp-block-spacer\"><\/div>\n\n\n\n<hr class=\"wp-block-separator has-alpha-channel-opacity is-style-default\"\/>\n\n\n\n<div style=\"height:64px\" aria-hidden=\"true\" class=\"wp-block-spacer\"><\/div>\n<\/div><\/div>\n\n\n\n<div class=\"wp-block-group\"><div class=\"wp-block-group__inner-container is-layout-flow wp-block-group-is-layout-flow\">\n<div class=\"wp-block-group\"><div class=\"wp-block-group__inner-container is-layout-flow wp-block-group-is-layout-flow\">\n<a href=\"https:\/\/kulturbahnhof-lollar.de\/index.php\/category\/eventsarchive\/\"><h2>Vergangene Events<\/h2><\/a>\n\n\n<ul class=\"wp-block-latest-posts__list wp-block-latest-posts\"><li><a class=\"wp-block-latest-posts__post-title\" href=\"https:\/\/kulturbahnhof-lollar.de\/index.php\/2026\/03\/17\/mi-18-03-26-kunstzeit\/\">MI 18.03.26 &#8211; KUNSTZEIT<\/a><\/li>\n<li><a class=\"wp-block-latest-posts__post-title\" href=\"https:\/\/kulturbahnhof-lollar.de\/index.php\/2026\/03\/17\/so-22-03-26-saatgutboerse\/\">SO 22.03.26 &#8211; Saatgutb\u00f6rse<\/a><\/li>\n<li><a class=\"wp-block-latest-posts__post-title\" href=\"https:\/\/kulturbahnhof-lollar.de\/index.php\/2026\/02\/27\/preiswerter-wohnraum-fuer-den-landkreis-sollen-kreis-und-kommunen-selbst-bauen\/\">DO 05.03.26 &#8211; Preiswerter Wohnraum f\u00fcr den Landkreis: Sollen Kreis und Kommunen selbst bauen?<\/a><\/li>\n<li><a class=\"wp-block-latest-posts__post-title\" href=\"https:\/\/kulturbahnhof-lollar.de\/index.php\/2026\/02\/18\/sa-28-02-26-kleinraum-express-3\/\">SA 28.02.26 &#8211; KLEINRAUM EXPRESS 3<\/a><\/li>\n<li><a class=\"wp-block-latest-posts__post-title\" href=\"https:\/\/kulturbahnhof-lollar.de\/index.php\/2026\/02\/18\/uncensored\/\">SA 07.03.26 &#8211; UncensoRED: Chiara Coppola \/\/ Segue &amp; Onkel Schere \/\/ HEIDIHOLE<\/a><\/li>\n<\/ul>\n\n\n<p class=\"has-cyan-bluish-gray-color has-text-color\">Do-Fr, 23.-26. Juni 2022<\/p>\n\n\n\n<div class=\"wp-block-columns is-layout-flex wp-container-core-columns-is-layout-9d6595d7 wp-block-columns-is-layout-flex\">\n<div class=\"wp-block-column is-layout-flow wp-block-column-is-layout-flow\">\n<figure class=\"wp-block-image size-large\"><img loading=\"lazy\" decoding=\"async\" width=\"1024\" height=\"536\" src=\"http:\/\/kulturbahnhof-lollar.de\/wp-content\/uploads\/2022\/07\/eroeffnung-fb-event-1024x536.png\" alt=\"\" class=\"wp-image-158\" srcset=\"https:\/\/kulturbahnhof-lollar.de\/wp-content\/uploads\/2022\/07\/eroeffnung-fb-event-1024x536.png 1024w, https:\/\/kulturbahnhof-lollar.de\/wp-content\/uploads\/2022\/07\/eroeffnung-fb-event-300x157.png 300w, https:\/\/kulturbahnhof-lollar.de\/wp-content\/uploads\/2022\/07\/eroeffnung-fb-event-768x402.png 768w, https:\/\/kulturbahnhof-lollar.de\/wp-content\/uploads\/2022\/07\/eroeffnung-fb-event-1536x804.png 1536w, https:\/\/kulturbahnhof-lollar.de\/wp-content\/uploads\/2022\/07\/eroeffnung-fb-event.png 1920w\" sizes=\"auto, (max-width: 1024px) 100vw, 1024px\" \/><\/figure>\n<\/div>\n\n\n\n<div class=\"wp-block-column is-layout-flow wp-block-column-is-layout-flow\">\n<p>Vom 23. &#8211; 26. Juni 2022 haben wir die Er\u00f6ffnung des Kulturbahnhof Lollar gefeiert. Mit 4 Tagen buntem und abwechslungsreichem Programm begr\u00fc\u00dften wir \u00fcber das Wochenende die Menschen in der Region. Danke an alle, die da waren! <a href=\"https:\/\/kulturbahnhof-lollar.de\/index.php\/eroffnungswochenende22\/\" target=\"_blank\" rel=\"noreferrer noopener\">Mehr Info<\/a><\/p>\n\n\n\n<p><a href=\"https:\/\/www.giessener-allgemeine.de\/kreis-giessen\/lollar-ort848775\/gelungenes-eroeffnungsfestival-91634862.html\" target=\"_blank\" rel=\"noreferrer noopener\" title=\"Zeitungsartikel\">Zeitungsartikel<\/a><\/p>\n<\/div>\n<\/div>\n<\/div><\/div>\n<\/div><\/div>\n","protected":false},"excerpt":{"rendered":"<p>Kommende Konzerte und Events: Vergangene Events Do-Fr, 23.-26. Juni 2022 Vom 23. &#8211; 26. Juni 2022 haben wir die Er\u00f6ffnung des Kulturbahnhof Lollar gefeiert. Mit 4 Tagen buntem und abwechslungsreichem Programm begr\u00fc\u00dften wir \u00fcber das Wochenende die Menschen in der Region. Danke an alle, die da waren! Mehr Info Zeitungsartikel<\/p>\n","protected":false},"author":2,"featured_media":0,"parent":0,"menu_order":0,"comment_status":"closed","ping_status":"closed","template":"","meta":{"om_disable_all_campaigns":false,"_monsterinsights_skip_tracking":false,"_monsterinsights_sitenote_active":false,"_monsterinsights_sitenote_note":"","_monsterinsights_sitenote_category":0,"footnotes":""},"class_list":["post-64","page","type-page","status-publish","hentry"],"aioseo_notices":[],"_links":{"self":[{"href":"https:\/\/kulturbahnhof-lollar.de\/index.php\/wp-json\/wp\/v2\/pages\/64","targetHints":{"allow":["GET"]}}],"collection":[{"href":"https:\/\/kulturbahnhof-lollar.de\/index.php\/wp-json\/wp\/v2\/pages"}],"about":[{"href":"https:\/\/kulturbahnhof-lollar.de\/index.php\/wp-json\/wp\/v2\/types\/page"}],"author":[{"embeddable":true,"href":"https:\/\/kulturbahnhof-lollar.de\/index.php\/wp-json\/wp\/v2\/users\/2"}],"replies":[{"embeddable":true,"href":"https:\/\/kulturbahnhof-lollar.de\/index.php\/wp-json\/wp\/v2\/comments?post=64"}],"version-history":[{"count":130,"href":"https:\/\/kulturbahnhof-lollar.de\/index.php\/wp-json\/wp\/v2\/pages\/64\/revisions"}],"predecessor-version":[{"id":2939,"href":"https:\/\/kulturbahnhof-lollar.de\/index.php\/wp-json\/wp\/v2\/pages\/64\/revisions\/2939"}],"wp:attachment":[{"href":"https:\/\/kulturbahnhof-lollar.de\/index.php\/wp-json\/wp\/v2\/media?parent=64"}],"curies":[{"name":"wp","href":"https:\/\/api.w.org\/{rel}","templated":true}]}}