{"id":29,"date":"2022-06-14T16:11:52","date_gmt":"2022-06-14T14:11:52","guid":{"rendered":"https:\/\/kulturbahnhof-lollar.de\/?page_id=29"},"modified":"2026-02-07T12:09:20","modified_gmt":"2026-02-07T11:09:20","slug":"ueber-uns","status":"publish","type":"page","link":"https:\/\/kulturbahnhof-lollar.de\/index.php\/ueber-uns\/","title":{"rendered":"\u00dcber das Projekt &#8222;Kulturbahnhof Lollar"},"content":{"rendered":"\n<h2 class=\"wp-block-heading\">Das Geb\u00e4ude<\/h2>\n\n\n\n<p>Seit Mitte der 1980er Jahre wird das alte Bahnhofsgeb\u00e4ude nicht mehr f\u00fcr Zwecke des Fahrgastbetriebs genutzt. Die alte Bahnhofskneipe wurde nach ihrer Schlie\u00dfung mehrfach wieder erfolglos in Betrieb genommen und stand dann bis zur Wiederinbetriebnahme durch den Verein leer. W\u00e4hrend des Leerstands litt der Banhof zunehmend unter Vandalismus und dem Verkommen der Bausubstanz. Das Geb\u00e4ude ist seit 2014 in Privatbesitz. Seit 2016 wurden die R\u00e4ume grundlegend renoviert und auf eine Nutzung als Veranstaltungsort und Kulturzentrum angepasst. Die Renovierungsarbeiten erfolgten gr\u00f6\u00dftenteils, bis auf einige Arbeiten, die zwingend von Fachkr\u00e4ften erledigt werden mussten, ehrenamtlich durch viele helfende H\u00e4nde, zusammen mit dem Eigent\u00fcmer und unter dessen Anleitung.<\/p>\n\n\n\n<div class=\"wp-block-columns is-layout-flex wp-container-core-columns-is-layout-9d6595d7 wp-block-columns-is-layout-flex\">\n<div class=\"wp-block-column is-layout-flow wp-block-column-is-layout-flow\">\n<h2 class=\"wp-block-heading\">&#8222;Kultur- und Begegnungsst\u00e4tte Bahnhof Lollar e.V.&#8220;<\/h2>\n\n\n\n<p>Mitten in der Zeit kultureller Ein\u00f6de durch die pandemiebedingten Einschr\u00e4nkungen wurde im Jahr 2021 der Prozess der Gr\u00fcndung eines gemeinn\u00fctzigen Vereins als gangbare M\u00f6glichkeit vorangetrieben, ein Kulturzentrum im alten Bahnhofsgeb\u00e4ude zu betreiben. Dieser soll nun die Form zur Verf\u00fcgung stellen, um den Lollarer Bahnhof als Kultur- und Begegnungsst\u00e4tte wieder Leben einzuhauchen.<\/p>\n\n\n\n<p>Seit M\u00e4rz 2022 ist der Verein \u201eKultur- und Begegnungsst\u00e4tte Bahnhof Lollar e.V.\u201c anerkannt gemeinn\u00fctzig und eingetragen.<\/p>\n\n\n\n<h2 class=\"wp-block-heading\">Partizipation<\/h2>\n\n\n\n<p>Wir freuen uns ausdr\u00fccklich, wenn Menschen Lust haben, sich tatkr\u00e4ftig, oder mit Ideen f\u00fcr Veranstaltungen einzubringen! Kommt einfach mal bei einer Veranstaltung vorbei und mit uns Vorort ins Gespr\u00e4ch. Ihr k\u00f6nnt uns auch gerne eine Mail schreiben und wir kommen so in Kontakt. Wer sich regelm\u00e4\u00dfig einbringen, selbst Veranstaltungen durchf\u00fchren und auch Verantwortung \u00fcbernehmen m\u00f6chte, oder auch nur die Sache unterst\u00fctzen m\u00f6chte, kann sehr gerne auch einen Antrag auf Mitgliedschaft im Verein stellen. Nat\u00fcrlich k\u00f6nnt ihr auch als Band\/K\u00fcnstler*in ein Konzert, oder als lokale Initiative eine Raumnutzung, entweder f\u00fcr \u00f6ffentliche oder geschlossene Events, anfragen.<\/p>\n\n\n\n<p>WICHTIGE HINWEISE F\u00dcR ANFRAGEN:<\/p>\n\n\n\n<p>Nutzt dazu bitte die E-Mail:<br>info(at)kulturbahnhof-lollar(punkt)de<br>Bitte sendet uns keine CD&#8217;s, USB-Sticks oder so als Bewerbung! Kassetten sind schon wieder cool, das k\u00f6nnt ihr machen. Schickt trotzdem bitte eine Mail.<\/p>\n\n\n\n<p>Wir sind keine als Business betriebene Venue und es gibt kein professionelles Booking in dem Sinne! Wir richten uns bei der Zusammenstellung des Programms an den Kapazit\u00e4ten und der Bereitschaft der Vereinsmitglieder. Nahezu alle Arbeit, die bei der Organisation und Durchf\u00fchrung von Events anf\u00e4llt, erfolgt ehrenamtlich und unentgeltlich. Wir erhalten bisher keine finanzielle Unterst\u00fctzung struktureller Natur, sei es durch F\u00f6rderungen oder private Zuwendungen. Wir veranstalten mit euch als K\u00fcnstler*innen zusammen und m\u00f6chten dabei weder als pure Dienstleister, noch Gesch\u00e4ftspartner gesehen werden: Ganz im Sinne von DIY-Kultur.<br>Bitte ber\u00fccksichtigt dies unbedingt schon vor eurer Anfrage!<br>Auch behalten wir uns vor, nicht auf alle Anfragen zu reagieren, da die Menge diesbez\u00fcglicher Mails nicht im Verh\u00e4ltnis zu der Gr\u00f6\u00dfe unseres Teams und dessen Kapazit\u00e4ten steht. Ihr k\u00f6nnt aber sicher davon ausgehen, dass wir eure Anfragen zur Kenntnis genommen und in eure Musik rein geh\u00f6rt haben.<\/p>\n<\/div>\n\n\n\n<div class=\"wp-block-column is-layout-flow wp-block-column-is-layout-flow\">\n<h2 class=\"wp-block-heading\">Zwecke und Ziele<\/h2>\n\n\n\n<p>Satzungsgem\u00e4\u00dfer Zweck des Vereins und Ziel vom \u201eKulturbahnhof Lollar\u201c ist die F\u00f6rderung und Belebung der hiesigen Kulturlandschaft und insbesondere regionaler Kulturschaffender der freien Szene, sowie die F\u00f6rderung internationaler Gesinnung, der Toleranz auf allen Gebieten der Kultur und des V\u00f6lkerverst\u00e4ndigungsgedankens. Ebenso werden Projekte der politischen Bildung und Demokratiebildung gef\u00f6rdert.<\/p>\n\n\n\n<p>Es soll ein transkultureller Begegnungsraum geschaffen werden, an dem in verschiedenen Formaten kultureller Angebote, zwischenmenschlicher Austausch genauso erm\u00f6glicht wird, wie die F\u00f6rderung von solidarischen Projekten.. Ebenso soll eine Vernetzungsarbeit in Lollar und dem Gie\u00dfener Raum stattfinden, um Menschen, Initiativen und Projekte aus der Region zusammen zu bringen und Synergien zwischen den verschiedenen zivilgesellschaftlichen und kulturpolitischen Akteuren zu beg\u00fcnstigen. Das denkmalgesch\u00fctzte Bahnhofsgeb\u00e4ude soll dadurch erhalten und als Platz f\u00fcr niedrigschwelliges kulturelles Leben neu genutzt werden.<\/p>\n\n\n\n<p>Hierzu werden regelm\u00e4\u00dfig unterschiedlichste Veranstaltungen angeboten und ehrenamtlich von den Mitgliedern organisiert und durchgef\u00fchrt: Von Konzerten, Ausstellungen, Theater- und Performancest\u00fccken, \u00fcber Filmvorf\u00fchrungen, Seminare, Lesungen oder Diskussionsforen, bis hin zur Mehrzwecknutzung f\u00fcr lokale Vereine und Institutionen, ist eine ganze Bandbreite an Formaten zur Nutzung der R\u00e4ume vorgesehen.<br>In der Vergangenheit konnten so schon ganz verschiedene Veranstaltungen erfolgreich durchgef\u00fchrt werden. Zu nennen sind:<br>&#8211; <a href=\"https:\/\/dabeisein-lahntaeler.de\/projekt\/fest-fuer-solidaritaet-vielfalt-und-soziale-gerechtigkeit-lollar\" target=\"_blank\" rel=\"noopener\" title=\"\">&#8222;PRISMA: Fest f\u00fcr Solidarit\u00e4t, kulturelle Vielfalt und soziale Gerechtigkeit&#8220;<\/a>, welches im September 2024 durch ein breites Kooperationsnetzwerk erm\u00f6glicht wurde.<br>&#8211; Die Nutzung des Kulturbahnhofs f\u00fcr das Kulturforum des Landkreis Gie\u00dfen 2024<br>&#8211; Die schon mehrj\u00e4hrig bestehende Zusammenarbeit mit dem globalisierungskritischen Filmfestival <a href=\"https:\/\/www.globalemittelhessen.de\/\" target=\"_blank\" rel=\"noreferrer noopener\">\u201eGlobale Mittelhessen\u201c<\/a><br>&#8211; Der Teilnahme als Austragungsort f\u00fcr das Kunst- und Kulturfestival <a href=\"https:\/\/www.giennale.de\/\" target=\"_blank\" rel=\"noreferrer noopener\">\u201eGIENNALE\u201c<\/a> 2019.<br>&#8211; Mit Ausstellungen und Konzerten diverser regionaler K\u00fcnstler*innen<br>&#8211; Die Nutzung der R\u00e4ume durch verschiedene Akteure regionalen, sozialen Engagements f\u00fcr Treffen und Sitzungen z.B. <a href=\"https:\/\/www.zaug.de\/angebote\/gemeinwesen-und-sozialraum\/detail\/power-up-1\/\" target=\"_blank\" rel=\"noopener\" title=\"\">&#8222;Power Up! Perspektive Beruf \u2013 Nachhaltiges Empowerment f\u00fcr Frauen.&#8220; der ZAUG gGmbH<\/a>, <\/p>\n\n\n\n<div style=\"height:186px\" aria-hidden=\"true\" class=\"wp-block-spacer\"><\/div>\n<\/div>\n<\/div>\n","protected":false},"excerpt":{"rendered":"<p>Das Geb\u00e4ude Seit Mitte der 1980er Jahre wird das alte Bahnhofsgeb\u00e4ude nicht mehr f\u00fcr Zwecke des Fahrgastbetriebs genutzt. Die alte Bahnhofskneipe wurde nach ihrer Schlie\u00dfung mehrfach wieder erfolglos in Betrieb genommen und stand dann bis zur Wiederinbetriebnahme durch den Verein leer. W\u00e4hrend des Leerstands litt der Banhof zunehmend unter Vandalismus und dem Verkommen der Bausubstanz.&hellip;<\/p>\n","protected":false},"author":2,"featured_media":0,"parent":0,"menu_order":0,"comment_status":"closed","ping_status":"closed","template":"","meta":{"om_disable_all_campaigns":false,"_monsterinsights_skip_tracking":false,"_monsterinsights_sitenote_active":false,"_monsterinsights_sitenote_note":"","_monsterinsights_sitenote_category":0,"footnotes":""},"class_list":["post-29","page","type-page","status-publish","hentry"],"aioseo_notices":[],"_links":{"self":[{"href":"https:\/\/kulturbahnhof-lollar.de\/index.php\/wp-json\/wp\/v2\/pages\/29","targetHints":{"allow":["GET"]}}],"collection":[{"href":"https:\/\/kulturbahnhof-lollar.de\/index.php\/wp-json\/wp\/v2\/pages"}],"about":[{"href":"https:\/\/kulturbahnhof-lollar.de\/index.php\/wp-json\/wp\/v2\/types\/page"}],"author":[{"embeddable":true,"href":"https:\/\/kulturbahnhof-lollar.de\/index.php\/wp-json\/wp\/v2\/users\/2"}],"replies":[{"embeddable":true,"href":"https:\/\/kulturbahnhof-lollar.de\/index.php\/wp-json\/wp\/v2\/comments?post=29"}],"version-history":[{"count":10,"href":"https:\/\/kulturbahnhof-lollar.de\/index.php\/wp-json\/wp\/v2\/pages\/29\/revisions"}],"predecessor-version":[{"id":3009,"href":"https:\/\/kulturbahnhof-lollar.de\/index.php\/wp-json\/wp\/v2\/pages\/29\/revisions\/3009"}],"wp:attachment":[{"href":"https:\/\/kulturbahnhof-lollar.de\/index.php\/wp-json\/wp\/v2\/media?parent=29"}],"curies":[{"name":"wp","href":"https:\/\/api.w.org\/{rel}","templated":true}]}}