{"id":28,"date":"2022-06-14T16:11:52","date_gmt":"2022-06-14T14:11:52","guid":{"rendered":"https:\/\/kulturbahnhof-lollar.de\/?page_id=28"},"modified":"2026-03-27T12:37:45","modified_gmt":"2026-03-27T11:37:45","slug":"das-neue-museum-oeffnet-seine-tueren-2","status":"publish","type":"page","link":"https:\/\/kulturbahnhof-lollar.de\/","title":{"rendered":""},"content":{"rendered":"\n<ul class=\"wp-block-social-links has-huge-icon-size is-style-logos-only is-content-justification-center is-layout-flex wp-container-core-social-links-is-layout-16018d1d wp-block-social-links-is-layout-flex\"><li class=\"wp-social-link wp-social-link-facebook  wp-block-social-link\"><a rel=\"noopener nofollow\" target=\"_blank\" href=\"https:\/\/www.facebook.com\/Kulturbahnhof.Lollar\" class=\"wp-block-social-link-anchor\"><svg width=\"24\" height=\"24\" viewBox=\"0 0 24 24\" version=\"1.1\" xmlns=\"http:\/\/www.w3.org\/2000\/svg\" aria-hidden=\"true\" focusable=\"false\"><path d=\"M12 2C6.5 2 2 6.5 2 12c0 5 3.7 9.1 8.4 9.9v-7H7.9V12h2.5V9.8c0-2.5 1.5-3.9 3.8-3.9 1.1 0 2.2.2 2.2.2v2.5h-1.3c-1.2 0-1.6.8-1.6 1.6V12h2.8l-.4 2.9h-2.3v7C18.3 21.1 22 17 22 12c0-5.5-4.5-10-10-10z\"><\/path><\/svg><span class=\"wp-block-social-link-label screen-reader-text\">Facebook<\/span><\/a><\/li>\n\n<li class=\"wp-social-link wp-social-link-instagram  wp-block-social-link\"><a rel=\"noopener nofollow\" target=\"_blank\" href=\"https:\/\/instagram.com\/kltrbhf.lollar?igshid=YmMyMTA2M2Y=\" class=\"wp-block-social-link-anchor\"><svg width=\"24\" height=\"24\" viewBox=\"0 0 24 24\" version=\"1.1\" xmlns=\"http:\/\/www.w3.org\/2000\/svg\" aria-hidden=\"true\" focusable=\"false\"><path d=\"M12,4.622c2.403,0,2.688,0.009,3.637,0.052c0.877,0.04,1.354,0.187,1.671,0.31c0.42,0.163,0.72,0.358,1.035,0.673 c0.315,0.315,0.51,0.615,0.673,1.035c0.123,0.317,0.27,0.794,0.31,1.671c0.043,0.949,0.052,1.234,0.052,3.637 s-0.009,2.688-0.052,3.637c-0.04,0.877-0.187,1.354-0.31,1.671c-0.163,0.42-0.358,0.72-0.673,1.035 c-0.315,0.315-0.615,0.51-1.035,0.673c-0.317,0.123-0.794,0.27-1.671,0.31c-0.949,0.043-1.233,0.052-3.637,0.052 s-2.688-0.009-3.637-0.052c-0.877-0.04-1.354-0.187-1.671-0.31c-0.42-0.163-0.72-0.358-1.035-0.673 c-0.315-0.315-0.51-0.615-0.673-1.035c-0.123-0.317-0.27-0.794-0.31-1.671C4.631,14.688,4.622,14.403,4.622,12 s0.009-2.688,0.052-3.637c0.04-0.877,0.187-1.354,0.31-1.671c0.163-0.42,0.358-0.72,0.673-1.035 c0.315-0.315,0.615-0.51,1.035-0.673c0.317-0.123,0.794-0.27,1.671-0.31C9.312,4.631,9.597,4.622,12,4.622 M12,3 C9.556,3,9.249,3.01,8.289,3.054C7.331,3.098,6.677,3.25,6.105,3.472C5.513,3.702,5.011,4.01,4.511,4.511 c-0.5,0.5-0.808,1.002-1.038,1.594C3.25,6.677,3.098,7.331,3.054,8.289C3.01,9.249,3,9.556,3,12c0,2.444,0.01,2.751,0.054,3.711 c0.044,0.958,0.196,1.612,0.418,2.185c0.23,0.592,0.538,1.094,1.038,1.594c0.5,0.5,1.002,0.808,1.594,1.038 c0.572,0.222,1.227,0.375,2.185,0.418C9.249,20.99,9.556,21,12,21s2.751-0.01,3.711-0.054c0.958-0.044,1.612-0.196,2.185-0.418 c0.592-0.23,1.094-0.538,1.594-1.038c0.5-0.5,0.808-1.002,1.038-1.594c0.222-0.572,0.375-1.227,0.418-2.185 C20.99,14.751,21,14.444,21,12s-0.01-2.751-0.054-3.711c-0.044-0.958-0.196-1.612-0.418-2.185c-0.23-0.592-0.538-1.094-1.038-1.594 c-0.5-0.5-1.002-0.808-1.594-1.038c-0.572-0.222-1.227-0.375-2.185-0.418C14.751,3.01,14.444,3,12,3L12,3z M12,7.378 c-2.552,0-4.622,2.069-4.622,4.622S9.448,16.622,12,16.622s4.622-2.069,4.622-4.622S14.552,7.378,12,7.378z M12,15 c-1.657,0-3-1.343-3-3s1.343-3,3-3s3,1.343,3,3S13.657,15,12,15z M16.804,6.116c-0.596,0-1.08,0.484-1.08,1.08 s0.484,1.08,1.08,1.08c0.596,0,1.08-0.484,1.08-1.08S17.401,6.116,16.804,6.116z\"><\/path><\/svg><span class=\"wp-block-social-link-label screen-reader-text\">Instagram<\/span><\/a><\/li>\n\n<li class=\"wp-social-link wp-social-link-telegram  wp-block-social-link\"><a rel=\"noopener nofollow\" target=\"_blank\" href=\"https:\/\/t.me\/kulturbhflollar\" class=\"wp-block-social-link-anchor\"><svg width=\"24\" height=\"24\" viewBox=\"0 0 128 128\" version=\"1.1\" xmlns=\"http:\/\/www.w3.org\/2000\/svg\" aria-hidden=\"true\" focusable=\"false\"><path d=\"M28.9700376,63.3244248 C47.6273373,55.1957357 60.0684594,49.8368063 66.2934036,47.2476366 C84.0668845,39.855031 87.7600616,38.5708563 90.1672227,38.528 C90.6966555,38.5191258 91.8804274,38.6503351 92.6472251,39.2725385 C93.294694,39.7979149 93.4728387,40.5076237 93.5580865,41.0057381 C93.6433345,41.5038525 93.7494885,42.63857 93.6651041,43.5252052 C92.7019529,53.6451182 88.5344133,78.2034783 86.4142057,89.5379542 C85.5170662,94.3339958 83.750571,95.9420841 82.0403991,96.0994568 C78.3237996,96.4414641 75.5015827,93.6432685 71.9018743,91.2836143 C66.2690414,87.5912212 63.0868492,85.2926952 57.6192095,81.6896017 C51.3004058,77.5256038 55.3966232,75.2369981 58.9976911,71.4967761 C59.9401076,70.5179421 76.3155302,55.6232293 76.6324771,54.2720454 C76.6721165,54.1030573 76.7089039,53.4731496 76.3346867,53.1405352 C75.9604695,52.8079208 75.4081573,52.921662 75.0095933,53.0121213 C74.444641,53.1403447 65.4461175,59.0880351 48.0140228,70.8551922 C45.4598218,72.6091037 43.1463059,73.4636682 41.0734751,73.4188859 C38.7883453,73.3695169 34.3926725,72.1268388 31.1249416,71.0646282 C27.1169366,69.7617838 23.931454,69.0729605 24.208838,66.8603276 C24.3533167,65.7078514 25.9403832,64.5292172 28.9700376,63.3244248 Z\" \/><\/svg><span class=\"wp-block-social-link-label screen-reader-text\">Telegram<\/span><\/a><\/li><\/ul>\n\n\n\n<p class=\"has-text-align-center has-vivid-cyan-blue-color has-text-color has-link-color has-x-large-font-size wp-elements-b0b7950df93b0fee94a28f9f0ea3f7ef\"><a href=\"https:\/\/kulturbahnhof-lollar.de\/index.php\/kommende-events\/\" target=\"_blank\" rel=\"noopener\" title=\"\">-&gt; Hier Klicken f\u00fcr mehr Events! &lt;-<\/a><\/p>\n\n\n\n<div style=\"height:41px\" aria-hidden=\"true\" class=\"wp-block-spacer\"><\/div>\n\n\n<div class=\"wp-block-image\">\n<figure class=\"alignleft size-large is-resized\"><a href=\"https:\/\/www.gofundme.com\/f\/kuhlschranke-fur-den-kulturbahnhof-aufruf-crowdfunding?lang=de_DE&amp;ts=1773423505\" target=\"_blank\" rel=\" noreferrer noopener\"><img loading=\"lazy\" decoding=\"async\" width=\"682\" height=\"1024\" src=\"https:\/\/kulturbahnhof-lollar.de\/wp-content\/uploads\/2026\/03\/kuehli-crowd-682x1024.jpg\" alt=\"\" class=\"wp-image-3064\" style=\"aspect-ratio:0.6660105287251087;width:348px;height:auto\" srcset=\"https:\/\/kulturbahnhof-lollar.de\/wp-content\/uploads\/2026\/03\/kuehli-crowd-682x1024.jpg 682w, https:\/\/kulturbahnhof-lollar.de\/wp-content\/uploads\/2026\/03\/kuehli-crowd-200x300.jpg 200w, https:\/\/kulturbahnhof-lollar.de\/wp-content\/uploads\/2026\/03\/kuehli-crowd-768x1152.jpg 768w, https:\/\/kulturbahnhof-lollar.de\/wp-content\/uploads\/2026\/03\/kuehli-crowd-535x803.jpg 535w, https:\/\/kulturbahnhof-lollar.de\/wp-content\/uploads\/2026\/03\/kuehli-crowd.jpg 853w\" sizes=\"auto, (max-width: 682px) 100vw, 682px\" \/><\/a><\/figure>\n<\/div>\n\n\n<p class=\"has-medium-font-size\"><a href=\"https:\/\/www.gofundme.com\/f\/kuhlschranke-fur-den-kulturbahnhof-aufruf-crowdfunding?lang=de_DE&amp;ts=1773423505\" target=\"_blank\" rel=\"noopener\" title=\"\">\ud83c\udf7b Rettet die kalten Getr\u00e4nke im Kulturbahnhof!<\/a><\/p>\n\n\n\n<p class=\"has-medium-font-size\">Unsere alten K\u00fchlschr\u00e4nke sind endg\u00fcltig in Rente gegangen \u2013 und der Fr\u00fchling kommt. Damit bei Konzerten, Jam-Sessions und langen Musikn\u00e4chten weiterhin kalte Getr\u00e4nke auf euch warten, mussten wir zwei neue Gastro-K\u00fchlschr\u00e4nke anschaffen.<\/p>\n\n\n\n<p class=\"has-medium-font-size\">Wenn ihr schon einmal bei uns Musik geh\u00f6rt, gespielt, getanzt oder einfach einen sch\u00f6nen Abend verbracht habt, k\u00f6nnt ihr uns mit einer kleinen Spende unterst\u00fctzen. \u2764\ufe0f<\/p>\n\n\n\n<p class=\"has-medium-font-size\"><a href=\"https:\/\/www.gofundme.com\/f\/kuhlschranke-fur-den-kulturbahnhof-aufruf-crowdfunding?lang=de_DE&amp;ts=1773423505\" target=\"_blank\" rel=\"noopener\" title=\"\">-&gt; Crowdfunding Link &lt;-<\/a><\/p>\n\n\n\n<p class=\"has-medium-font-size\">Damit die Tunes hot bleiben und ddie Getr\u00e4nke kalt.<\/p>\n\n\n\n<p class=\"has-medium-font-size\">Danke euch! Euer Kulturbahnhof Lollar<\/p>\n\n\n\n<div style=\"height:39px\" aria-hidden=\"true\" class=\"wp-block-spacer\"><\/div>\n\n\n\n<hr class=\"wp-block-separator has-alpha-channel-opacity\"\/>\n\n\n\n<div class=\"wp-block-columns is-layout-flex wp-container-core-columns-is-layout-9d6595d7 wp-block-columns-is-layout-flex\">\n<div class=\"wp-block-column is-layout-flow wp-block-column-is-layout-flow\">\n<p class=\"has-text-align-center has-large-font-size\"><a href=\"https:\/\/kulturbahnhof-lollar.de\/index.php\/2026\/03\/23\/sa-28-03-26-ernte-teilen-anders-ackern-fuer-die-zukunft\/\" target=\"_blank\" rel=\"noopener\" title=\"\">SA 28.03.26 &#8211; Filmvorf\u00fchrung: Ernte Teilen &#8211; Anders Ackern f\u00fcr die Zukunft!<\/a><\/p>\n\n\n\n<figure class=\"wp-block-image size-large\"><a href=\"https:\/\/kulturbahnhof-lollar.de\/index.php\/2026\/03\/23\/sa-28-03-26-ernte-teilen-anders-ackern-fuer-die-zukunft\/\" target=\"_blank\" rel=\" noreferrer noopener\"><img loading=\"lazy\" decoding=\"async\" width=\"724\" height=\"1024\" src=\"https:\/\/kulturbahnhof-lollar.de\/wp-content\/uploads\/2026\/03\/260323-neue-ernete-film-flyer-1-724x1024.jpg\" alt=\"\" class=\"wp-image-3067\" srcset=\"https:\/\/kulturbahnhof-lollar.de\/wp-content\/uploads\/2026\/03\/260323-neue-ernete-film-flyer-1-724x1024.jpg 724w, https:\/\/kulturbahnhof-lollar.de\/wp-content\/uploads\/2026\/03\/260323-neue-ernete-film-flyer-1-212x300.jpg 212w, https:\/\/kulturbahnhof-lollar.de\/wp-content\/uploads\/2026\/03\/260323-neue-ernete-film-flyer-1-768x1086.jpg 768w, https:\/\/kulturbahnhof-lollar.de\/wp-content\/uploads\/2026\/03\/260323-neue-ernete-film-flyer-1-535x757.jpg 535w, https:\/\/kulturbahnhof-lollar.de\/wp-content\/uploads\/2026\/03\/260323-neue-ernete-film-flyer-1-1086x1536.jpg 1086w, https:\/\/kulturbahnhof-lollar.de\/wp-content\/uploads\/2026\/03\/260323-neue-ernete-film-flyer-1-1448x2048.jpg 1448w, https:\/\/kulturbahnhof-lollar.de\/wp-content\/uploads\/2026\/03\/260323-neue-ernete-film-flyer-1-scaled.jpg 1810w\" sizes=\"auto, (max-width: 724px) 100vw, 724px\" \/><\/a><\/figure>\n<\/div>\n\n\n\n<div class=\"wp-block-column is-layout-flow wp-block-column-is-layout-flow\">\n<p class=\"has-text-align-center has-large-font-size\"><a href=\"https:\/\/kulturbahnhof-lollar.de\/index.php\/2026\/03\/27\/sa-25-04-26-rap-am-gleis\/\" target=\"_blank\" rel=\"noopener\" title=\"\">SA 25.04.26 \u2013 RAP AM GLEIS<\/a><\/p>\n\n\n\n<div style=\"height:103px\" aria-hidden=\"true\" class=\"wp-block-spacer\"><\/div>\n\n\n<div class=\"wp-block-image\">\n<figure class=\"aligncenter size-large\"><a href=\"https:\/\/kulturbahnhof-lollar.de\/index.php\/2026\/03\/27\/sa-25-04-26-rap-am-gleis\/\" target=\"_blank\" rel=\" noreferrer noopener\"><img loading=\"lazy\" decoding=\"async\" width=\"723\" height=\"1024\" src=\"https:\/\/kulturbahnhof-lollar.de\/wp-content\/uploads\/2026\/03\/260327-rapamgleis-723x1024.jpg\" alt=\"\" class=\"wp-image-3074\" srcset=\"https:\/\/kulturbahnhof-lollar.de\/wp-content\/uploads\/2026\/03\/260327-rapamgleis-723x1024.jpg 723w, https:\/\/kulturbahnhof-lollar.de\/wp-content\/uploads\/2026\/03\/260327-rapamgleis-212x300.jpg 212w, https:\/\/kulturbahnhof-lollar.de\/wp-content\/uploads\/2026\/03\/260327-rapamgleis-768x1087.jpg 768w, https:\/\/kulturbahnhof-lollar.de\/wp-content\/uploads\/2026\/03\/260327-rapamgleis-535x758.jpg 535w, https:\/\/kulturbahnhof-lollar.de\/wp-content\/uploads\/2026\/03\/260327-rapamgleis.jpg 904w\" sizes=\"auto, (max-width: 723px) 100vw, 723px\" \/><\/a><\/figure>\n<\/div><\/div>\n<\/div>\n\n\n\n<p class=\"has-text-align-center has-large-font-size\"><\/p>\n\n\n\n<div class=\"wp-block-columns is-layout-flex wp-container-core-columns-is-layout-9d6595d7 wp-block-columns-is-layout-flex\">\n<div class=\"wp-block-column is-layout-flow wp-block-column-is-layout-flow\"><\/div>\n<\/div>\n\n\n\n<div style=\"height:100px\" aria-hidden=\"true\" class=\"wp-block-spacer\"><\/div>\n\n\n\n<hr class=\"wp-block-separator has-alpha-channel-opacity\"\/>\n\n\n\n<div style=\"height:100px\" aria-hidden=\"true\" class=\"wp-block-spacer\"><\/div>\n\n\n<div class=\"wp-block-image\">\n<figure class=\"aligncenter size-large\"><img loading=\"lazy\" decoding=\"async\" width=\"724\" height=\"1024\" src=\"https:\/\/kulturbahnhof-lollar.de\/wp-content\/uploads\/2026\/03\/Monatsuebersicht-jan-april-724x1024.png\" alt=\"\" class=\"wp-image-3039\" srcset=\"https:\/\/kulturbahnhof-lollar.de\/wp-content\/uploads\/2026\/03\/Monatsuebersicht-jan-april-724x1024.png 724w, https:\/\/kulturbahnhof-lollar.de\/wp-content\/uploads\/2026\/03\/Monatsuebersicht-jan-april-212x300.png 212w, https:\/\/kulturbahnhof-lollar.de\/wp-content\/uploads\/2026\/03\/Monatsuebersicht-jan-april-768x1086.png 768w, https:\/\/kulturbahnhof-lollar.de\/wp-content\/uploads\/2026\/03\/Monatsuebersicht-jan-april-535x757.png 535w, https:\/\/kulturbahnhof-lollar.de\/wp-content\/uploads\/2026\/03\/Monatsuebersicht-jan-april-1086x1536.png 1086w, https:\/\/kulturbahnhof-lollar.de\/wp-content\/uploads\/2026\/03\/Monatsuebersicht-jan-april-1448x2048.png 1448w, https:\/\/kulturbahnhof-lollar.de\/wp-content\/uploads\/2026\/03\/Monatsuebersicht-jan-april.png 1587w\" sizes=\"auto, (max-width: 724px) 100vw, 724px\" \/><\/figure>\n<\/div>\n\n\n<div style=\"height:100px\" aria-hidden=\"true\" class=\"wp-block-spacer\"><\/div>\n\n\n\n<hr class=\"wp-block-separator has-alpha-channel-opacity\"\/>\n\n\n\n<div style=\"height:100px\" aria-hidden=\"true\" class=\"wp-block-spacer\"><\/div>\n\n\n<div class=\"wp-block-image\">\n<figure class=\"aligncenter size-large\"><img loading=\"lazy\" decoding=\"async\" width=\"819\" height=\"1024\" src=\"https:\/\/kulturbahnhof-lollar.de\/wp-content\/uploads\/2026\/01\/Hast-du-bald-Geburtstag-und-noch-keine-Location-819x1024.jpg\" alt=\"\" class=\"wp-image-2986\" srcset=\"https:\/\/kulturbahnhof-lollar.de\/wp-content\/uploads\/2026\/01\/Hast-du-bald-Geburtstag-und-noch-keine-Location-819x1024.jpg 819w, https:\/\/kulturbahnhof-lollar.de\/wp-content\/uploads\/2026\/01\/Hast-du-bald-Geburtstag-und-noch-keine-Location-240x300.jpg 240w, https:\/\/kulturbahnhof-lollar.de\/wp-content\/uploads\/2026\/01\/Hast-du-bald-Geburtstag-und-noch-keine-Location-768x960.jpg 768w, https:\/\/kulturbahnhof-lollar.de\/wp-content\/uploads\/2026\/01\/Hast-du-bald-Geburtstag-und-noch-keine-Location-535x669.jpg 535w, https:\/\/kulturbahnhof-lollar.de\/wp-content\/uploads\/2026\/01\/Hast-du-bald-Geburtstag-und-noch-keine-Location.jpg 1080w\" sizes=\"auto, (max-width: 819px) 100vw, 819px\" \/><\/figure>\n<\/div>\n\n\n<div style=\"height:100px\" aria-hidden=\"true\" class=\"wp-block-spacer\"><\/div>\n\n\n\n<hr class=\"wp-block-separator has-alpha-channel-opacity\"\/>\n\n\n\n<div style=\"height:100px\" aria-hidden=\"true\" class=\"wp-block-spacer\"><\/div>\n\n\n\n<div class=\"wp-block-group\"><div class=\"wp-block-group__inner-container is-layout-constrained wp-block-group-is-layout-constrained\"><div class=\"wp-block-image\">\n<figure class=\"aligncenter size-full is-resized\" id=\"block-8c30375c-cd4e-4a0c-bb14-bc0990517b8d\"><img loading=\"lazy\" decoding=\"async\" width=\"904\" height=\"164\" src=\"https:\/\/kulturbahnhof-lollar.de\/wp-content\/uploads\/2022\/07\/jamsession5.png\" alt=\"Jam Session\" class=\"wp-image-243\" style=\"width:568px;height:auto\" srcset=\"https:\/\/kulturbahnhof-lollar.de\/wp-content\/uploads\/2022\/07\/jamsession5.png 904w, https:\/\/kulturbahnhof-lollar.de\/wp-content\/uploads\/2022\/07\/jamsession5-300x54.png 300w, https:\/\/kulturbahnhof-lollar.de\/wp-content\/uploads\/2022\/07\/jamsession5-768x139.png 768w\" sizes=\"auto, (max-width: 904px) 100vw, 904px\" \/><\/figure>\n<\/div>\n\n\n<p class=\"has-text-align-center has-large-font-size\"><strong>Jeden Freitag ab 20:00<\/strong><\/p>\n\n\n\n<div class=\"wp-block-columns is-layout-flex wp-container-core-columns-is-layout-9d6595d7 wp-block-columns-is-layout-flex\">\n<div class=\"wp-block-column is-vertically-aligned-center is-layout-flow wp-block-column-is-layout-flow\"><div class=\"wp-block-image\">\n<figure class=\"aligncenter size-large is-resized\"><img loading=\"lazy\" decoding=\"async\" width=\"1024\" height=\"661\" src=\"https:\/\/kulturbahnhof-lollar.de\/wp-content\/uploads\/2024\/03\/photo_2024-03-10_16-29-08-1-1024x661.jpg\" alt=\"\" class=\"wp-image-1483\" style=\"width:727px;height:auto\" srcset=\"https:\/\/kulturbahnhof-lollar.de\/wp-content\/uploads\/2024\/03\/photo_2024-03-10_16-29-08-1-1024x661.jpg 1024w, https:\/\/kulturbahnhof-lollar.de\/wp-content\/uploads\/2024\/03\/photo_2024-03-10_16-29-08-1-300x194.jpg 300w, https:\/\/kulturbahnhof-lollar.de\/wp-content\/uploads\/2024\/03\/photo_2024-03-10_16-29-08-1-768x496.jpg 768w, https:\/\/kulturbahnhof-lollar.de\/wp-content\/uploads\/2024\/03\/photo_2024-03-10_16-29-08-1.jpg 1280w\" sizes=\"auto, (max-width: 1024px) 100vw, 1024px\" \/><\/figure>\n<\/div>\n\n\n<div style=\"height:15px\" aria-hidden=\"true\" class=\"wp-block-spacer\"><\/div>\n\n\n\n<hr class=\"wp-block-separator has-alpha-channel-opacity\"\/>\n<\/div>\n<\/div>\n\n\n\n<p class=\"has-text-align-center has-large-font-size\"><\/p>\n<\/div><\/div>\n\n\n\n<div style=\"height:27px\" aria-hidden=\"true\" class=\"wp-block-spacer\"><\/div>\n\n\n\n<div class=\"wp-block-group alignwide has-background\" style=\"background-color:#ffffff\"><div class=\"wp-block-group__inner-container is-layout-flow wp-block-group-is-layout-flow\">\n<figure class=\"wp-block-image size-large\"><img loading=\"lazy\" decoding=\"async\" width=\"1024\" height=\"329\" src=\"http:\/\/kulturbahnhof-lollar.de\/wp-content\/uploads\/2022\/06\/bhf1-sw-e1710145604113-1024x329.jpg\" alt=\"\" class=\"wp-image-13\" srcset=\"https:\/\/kulturbahnhof-lollar.de\/wp-content\/uploads\/2022\/06\/bhf1-sw-e1710145604113-1024x329.jpg 1024w, https:\/\/kulturbahnhof-lollar.de\/wp-content\/uploads\/2022\/06\/bhf1-sw-e1710145604113-300x96.jpg 300w, https:\/\/kulturbahnhof-lollar.de\/wp-content\/uploads\/2022\/06\/bhf1-sw-e1710145604113-768x247.jpg 768w, https:\/\/kulturbahnhof-lollar.de\/wp-content\/uploads\/2022\/06\/bhf1-sw-e1710145604113.jpg 1280w\" sizes=\"auto, (max-width: 1024px) 100vw, 1024px\" \/><\/figure>\n<\/div><\/div>\n\n\n\n<hr class=\"wp-block-separator has-alpha-channel-opacity is-style-default\"\/>\n\n\n\n<div class=\"wp-block-group alignwide\"><div class=\"wp-block-group__inner-container is-layout-flow wp-block-group-is-layout-flow\">\n<div class=\"wp-block-columns is-layout-flex wp-container-core-columns-is-layout-9d6595d7 wp-block-columns-is-layout-flex\">\n<div class=\"wp-block-column is-vertically-aligned-center is-layout-flow wp-block-column-is-layout-flow\">\n<p class=\"has-text-align-center has-large-font-size\"><a href=\"https:\/\/kulturbahnhof-lollar.de\/index.php\/kommende-events\/\" target=\"_blank\" rel=\"noopener\" title=\"\">-&gt; Hier Klicken f\u00fcr mehr Events! &lt;-<\/a><\/p>\n<\/div>\n<\/div>\n<\/div><\/div>\n","protected":false},"excerpt":{"rendered":"<p>-&gt; Hier Klicken f\u00fcr mehr Events! &lt;- \ud83c\udf7b Rettet die kalten Getr\u00e4nke im Kulturbahnhof! Unsere alten K\u00fchlschr\u00e4nke sind endg\u00fcltig in Rente gegangen \u2013 und der Fr\u00fchling kommt. Damit bei Konzerten, Jam-Sessions und langen Musikn\u00e4chten weiterhin kalte Getr\u00e4nke auf euch warten, mussten wir zwei neue Gastro-K\u00fchlschr\u00e4nke anschaffen. Wenn ihr schon einmal bei uns Musik geh\u00f6rt, gespielt,&hellip;<\/p>\n","protected":false},"author":2,"featured_media":0,"parent":0,"menu_order":0,"comment_status":"closed","ping_status":"closed","template":"","meta":{"om_disable_all_campaigns":false,"_monsterinsights_skip_tracking":false,"_monsterinsights_sitenote_active":false,"_monsterinsights_sitenote_note":"","_monsterinsights_sitenote_category":0,"footnotes":""},"class_list":["post-28","page","type-page","status-publish","hentry"],"aioseo_notices":[],"_links":{"self":[{"href":"https:\/\/kulturbahnhof-lollar.de\/index.php\/wp-json\/wp\/v2\/pages\/28","targetHints":{"allow":["GET"]}}],"collection":[{"href":"https:\/\/kulturbahnhof-lollar.de\/index.php\/wp-json\/wp\/v2\/pages"}],"about":[{"href":"https:\/\/kulturbahnhof-lollar.de\/index.php\/wp-json\/wp\/v2\/types\/page"}],"author":[{"embeddable":true,"href":"https:\/\/kulturbahnhof-lollar.de\/index.php\/wp-json\/wp\/v2\/users\/2"}],"replies":[{"embeddable":true,"href":"https:\/\/kulturbahnhof-lollar.de\/index.php\/wp-json\/wp\/v2\/comments?post=28"}],"version-history":[{"count":387,"href":"https:\/\/kulturbahnhof-lollar.de\/index.php\/wp-json\/wp\/v2\/pages\/28\/revisions"}],"predecessor-version":[{"id":3077,"href":"https:\/\/kulturbahnhof-lollar.de\/index.php\/wp-json\/wp\/v2\/pages\/28\/revisions\/3077"}],"wp:attachment":[{"href":"https:\/\/kulturbahnhof-lollar.de\/index.php\/wp-json\/wp\/v2\/media?parent=28"}],"curies":[{"name":"wp","href":"https:\/\/api.w.org\/{rel}","templated":true}]}}